{"id":11560,"date":"2021-04-07T10:34:18","date_gmt":"2021-04-07T10:34:18","guid":{"rendered":"https:\/\/soalheiro.com\/sustentabilidade-e-inovacao\/bright-minds-exploring-alvarinho-innovation-in-winemaking\/"},"modified":"2022-12-20T16:17:14","modified_gmt":"2022-12-20T16:17:14","slug":"mentes-brilhantes-exploram-o-alvarinho","status":"publish","type":"page","link":"https:\/\/wordpress.soalheiro.com\/pt-pt\/sustentabilidade-e-inovacao\/mentes-brilhantes-exploram-o-alvarinho\/","title":{"rendered":"Mentes brilhantes exploram o Alvarinho (Inova\u00e7\u00e3o na produ\u00e7\u00e3o de vinho)"},"content":{"rendered":"<p>[vc_row full_width=&#8221;stretch_row_content_no_spaces&#8221; mobile_bg_img_hidden=&#8221;no&#8221; tablet_bg_img_hidden=&#8221;no&#8221; woodmart_parallax=&#8221;1&#8243; woodmart_gradient_switch=&#8221;no&#8221; row_reverse_mobile=&#8221;0&#8243; row_reverse_tablet=&#8221;0&#8243; woodmart_disable_overflow=&#8221;0&#8243; css=&#8221;.vc_custom_1624283361283{padding-top: 300px !important;padding-bottom: 50px !important;background-image: url(https:\/\/soalheiro.com\/wp-content\/uploads\/2021\/06\/INNOVATION-IN-WINEMAKING-HEADER-min.jpg?id=10884) !important;background-position: center !important;background-repeat: no-repeat !important;background-size: cover !important;}&#8221;][vc_column]\n\t\t<div id=\"wd-61efe9cd95e99\" class=\"title-wrapper wd-wpb set-mb-s reset-last-child  wd-rs-61efe9cd95e99 wd-title-color-default wd-title-style-default text-center  wd-underline-colored\">\n\t\t\t\t\t\t\t<div class=\"title-subtitle  subtitle-color-default font-default subtitle-style-default wd-font-weight- wd-fontsize-xs\">Projetos Sustent\u00e1veis<\/div>\n\t\t\t\n\t\t\t<div class=\"liner-continer\">\n\t\t\t\t<h1 class=\"woodmart-title-container title  wd-font-weight- wd-fontsize-xxl\" >Mentes brilhantes exploram o Alvarinho (Inova\u00e7\u00e3o na produ\u00e7\u00e3o de vinho)<\/h1>\n\t\t\t\t\t\t\t<\/div>\n\t\t\t\n\t\t\t\t\t\t\t<div class=\"title-after_title  set-cont-mb-s reset-last-child  wd-fontsize-s\">Inova\u00e7\u00e3o na produ\u00e7\u00e3o de vinho<\/div>\n\t\t\t\n\t\t\t\n\t\t<\/div>\n\t\t\n\t\t[vc_icon icon_fontawesome=&#8221;fas fa-angle-down&#8221; color=&#8221;white&#8221; align=&#8221;center&#8221;][\/vc_column][\/vc_row][vc_row css=&#8221;.vc_custom_1616488494281{margin-top: 40px !important;margin-bottom: 40px !important;}&#8221; mobile_bg_img_hidden=&#8221;no&#8221; tablet_bg_img_hidden=&#8221;no&#8221; woodmart_parallax=&#8221;0&#8243; woodmart_gradient_switch=&#8221;no&#8221; row_reverse_mobile=&#8221;0&#8243; row_reverse_tablet=&#8221;0&#8243; woodmart_disable_overflow=&#8221;0&#8243;][vc_column offset=&#8221;vc_col-lg-offset-1 vc_col-lg-10&#8243; mobile_bg_img_hidden=&#8221;no&#8221; tablet_bg_img_hidden=&#8221;no&#8221; woodmart_parallax=&#8221;0&#8243; woodmart_sticky_column=&#8221;false&#8221; parallax_scroll=&#8221;no&#8221; mobile_reset_margin=&#8221;no&#8221; tablet_reset_margin=&#8221;no&#8221;][vc_custom_heading text=&#8221;Na Cave da Inova\u00e7\u00e3o do Soalheiro, estamos sempre a experimentar diferentes estilos de produ\u00e7\u00e3o de vinho para explorar a versatilidade do Alvarinho no nosso Territ\u00f3rio. Atrav\u00e9s desta iniciativa, cri\u00e1mos uma incubadora que oferece a oportunidade a mentes inquietas de explorarem as suas pr\u00f3prias ideias.&#8221; font_container=&#8221;tag:h2|font_size:18px|text_align:left|color:%23a8a8a8|line_height:27px&#8221; google_fonts=&#8221;font_family:Lora%3Aregular%2Citalic%2C700%2C700italic|font_style:400%20italic%3A400%3Aitalic&#8221;][vc_empty_space woodmart_hide_large=&#8221;0&#8243; woodmart_hide_medium=&#8221;0&#8243; woodmart_hide_small=&#8221;0&#8243; woodmart_hide_extra_small=&#8221;0&#8243;][vc_row_inner][vc_column_inner width=&#8221;1\/2&#8243;][vc_column_text text_larger=&#8221;no&#8221;]<strong>Soalheiro Nature.<\/strong> Este vinho foi desenvolvido pela nossa equipa e at\u00e9 conduziu a uma disserta\u00e7\u00e3o de mestrado na Universidade Cat\u00f3lica Portuguesa, que estudou a estabilidade do vinho. Com uvas biol\u00f3gicas, este \u00e9 o primeiro Alvarinho da nossa regi\u00e3o a ser produzido sem adi\u00e7\u00e3o de sulfitos, representando a mais pura express\u00e3o do nosso terroir.<\/p>\n<p><strong>Alvorone.<\/strong> Desenvolvido com um grupo de jovens en\u00f3logos, \u2018Vinhos Aparte\u2019, este vinho aplica o estilo de produ\u00e7\u00e3o de vinho do Amarone \u00e0s uvas Alvarinho. Este processo de produ\u00e7\u00e3o \u00fanico resulta numa express\u00e3o particular do Alvarinho, perfeita para os apreciadores e curiosos do vinho.<\/p>\n<p><strong>Ag.hora.<\/strong> Tendo in\u00edcio em 2019, com dois jovens georgianos, Ag.hora usa o Alvarinho para explorar o estilo georgiano de produ\u00e7\u00e3o de vinho. A Tina, agora membro da nossa equipa de Enoturismo, e o Gio, orgulham-se de explorar o seu patrim\u00f3nio e de fazer chegar a Mon\u00e7\u00e3o e a Melga\u00e7o uma tradi\u00e7\u00e3o t\u00e3o estimada. Este vinho apresenta macera\u00e7\u00e3o pelicular, com fermenta\u00e7\u00e3o e envelhecimento em \u00e2nfora de argila.[\/vc_column_text][\/vc_column_inner][vc_column_inner width=&#8221;1\/2&#8243;][vc_column_text text_larger=&#8221;no&#8221;]<strong>P\u00e9 Franco,<\/strong> que significa \u2018n\u00e3o-enxertado\u2019, refere-se ao facto de este vinho ser produzido a partir de vinhas em bruto. As vinhas que o produzem est\u00e3o localizadas na Quinta da Folga, plantadas em solos mais arenosos, tendo mais de 10 anos. Pela primeira vez, em 2020, produzimos um \u00fanico vinho a partir deste lote, dando corpo a uma experi\u00eancia que come\u00e7ou na vinha e que transitou para a adega.<\/p>\n<p><strong>Pet Nat.<\/strong> Este espumante natural, ao popular estilo Pet-Nat (P\u00e9tillant Naturel ou M\u00e9thode Ancestrale), foi desenvolvido em parceria com o Hugo, propriet\u00e1rio de um bar de vinhos, en\u00f3filo e estudante de p\u00f3s-gradua\u00e7\u00e3o em enologia. Os apreciadores de vinho que procuram algo diferente devem dirigir-se ao Candelabro, no Porto, para degustar esta pura express\u00e3o do Loureiro.<\/p>\n<p><strong>E muito mais a caminho.<\/strong>[\/vc_column_text][\/vc_column_inner][\/vc_row_inner][vc_separator]\t\t<div id=\"gallery_116\" class=\"wd-images-gallery wd-justify-center wd-items-middle view-grid photoswipe-images\" >\n\t\t\t<div class=\"gallery-images row wd-spacing-10\">\n\t\t\t\t\t\t\t\t\t\t\t\t\t\t\t<div class=\"wd-gallery-item col-lg-2 col-md-3 col-sm-4 col-6\">\n\t\t\t\t\t\t\t\t\t\t\t\t\t\t<a href=\"https:\/\/wordpress.soalheiro.com\/wp-content\/uploads\/2021\/06\/INNOVATION-IN-WINEMAKING-AGHORA-1.jpg\" data-elementor-open-lightbox=\"no\" data-index=\"1\" data-width=\"750\" data-height=\"500\"  >\n\t\t\t\t\t\t\t\t\n\t\t\t\t\t\t\t\t\t\t\t\t\t\t\t\t\t<img fetchpriority=\"high\" decoding=\"async\" width=\"300\" height=\"200\" src=\"data:image\/jpg;base64,\/9j\/4AAQSkZJRgABAQAAAQABAAD\/2wBDAAYEBAUEBAYFBQUGBgYHCQ4JCQgICRINDQoOFRIWFhUSFBQXGiEcFxgfGRQUHScdHyIjJSUlFhwpLCgkKyEkJST\/2wBDAQYGBgkICREJCREkGBQYJCQkJCQkJCQkJCQkJCQkJCQkJCQkJCQkJCQkJCQkJCQkJCQkJCQkJCQkJCQkJCQkJCT\/wAARCAAKAA8DASIAAhEBAxEB\/8QAFgABAQEAAAAAAAAAAAAAAAAABgIF\/8QAIhAAAgEDBAIDAAAAAAAAAAAAAQMCBAURAAYhQRIyFTGR\/8QAFQEBAQAAAAAAAAAAAAAAAAAAAwT\/xAAYEQEBAQEBAAAAAAAAAAAAAAABAgAhEf\/aAAwDAQACEQMRAD8AdU9pabcz4S0PhWMUWIb6wE8HxJPHeP3VbtqqiyW2jrdw0xqYjEJqLItPkR0PvGRpbaSV7bWIExAWAAOMDjWPSpW9LS1cGEAe4z2NTRND19zVQnDf\/9k=\" class=\"wd-gallery-image image-1 attachment-medium wd-lazy-load woodmart-lazy-load wd-lazy-fade\" alt=\"\" title=\"INNOVATION IN WINEMAKING - AGHORA 1\" srcset=\"\" sizes=\"(max-width: 300px) 100vw, 300px\" data-wood-src=\"https:\/\/wordpress.soalheiro.com\/wp-content\/uploads\/2021\/06\/INNOVATION-IN-WINEMAKING-AGHORA-1-300x200.jpg\" data-srcset=\"https:\/\/wordpress.soalheiro.com\/wp-content\/uploads\/2021\/06\/INNOVATION-IN-WINEMAKING-AGHORA-1-300x200.jpg 300w, https:\/\/wordpress.soalheiro.com\/wp-content\/uploads\/2021\/06\/INNOVATION-IN-WINEMAKING-AGHORA-1-150x100.jpg 150w, https:\/\/wordpress.soalheiro.com\/wp-content\/uploads\/2021\/06\/INNOVATION-IN-WINEMAKING-AGHORA-1.jpg 750w\" \/>\t\t\t\t\t\t\t\t\n\n\t\t\t\t\t\t\t\t\t\t\t\t\t\t\t<\/a>\n\t\t\t\t\t\t\t\t\t\t\t\t<\/div>\n\t\t\t\t\t\t\t\t\t\t\t<div class=\"wd-gallery-item col-lg-2 col-md-3 col-sm-4 col-6\">\n\t\t\t\t\t\t\t\t\t\t\t\t\t\t<a href=\"https:\/\/wordpress.soalheiro.com\/wp-content\/uploads\/2021\/06\/INNOVATION-IN-WINEMAKING-AGHORA-2.jpg\" data-elementor-open-lightbox=\"no\" data-index=\"2\" data-width=\"750\" data-height=\"500\"  >\n\t\t\t\t\t\t\t\t\n\t\t\t\t\t\t\t\t\t\t\t\t\t\t\t\t\t<img decoding=\"async\" width=\"300\" height=\"200\" src=\"data:image\/jpg;base64,\/9j\/4AAQSkZJRgABAQAAAQABAAD\/2wBDAAYEBAUEBAYFBQUGBgYHCQ4JCQgICRINDQoOFRIWFhUSFBQXGiEcFxgfGRQUHScdHyIjJSUlFhwpLCgkKyEkJST\/2wBDAQYGBgkICREJCREkGBQYJCQkJCQkJCQkJCQkJCQkJCQkJCQkJCQkJCQkJCQkJCQkJCQkJCQkJCQkJCQkJCQkJCT\/wAARCAAKAA8DASIAAhEBAxEB\/8QAFQABAQAAAAAAAAAAAAAAAAAABQP\/xAAjEAACAQMEAQUAAAAAAAAAAAABAgMABAUGESFBEjFRYXHB\/8QAFQEBAQAAAAAAAAAAAAAAAAAABQb\/xAAZEQADAAMAAAAAAAAAAAAAAAAAAQIREiH\/2gAMAwEAAhEDEQA\/ABtEafx2aD3N\/ALqQEqsbcrGPr9qGt7Sx09dRLZsI0l33jU8Kfj2o7DzywPKIpXjDRAkIxG\/PdF5x3ln8pGZyB6sd+6l5nNdGdmrZ\/\/Z\" class=\"wd-gallery-image image-2 attachment-medium wd-lazy-load woodmart-lazy-load wd-lazy-fade\" alt=\"\" title=\"INNOVATION IN WINEMAKING - AGHORA 2\" srcset=\"\" sizes=\"(max-width: 300px) 100vw, 300px\" data-wood-src=\"https:\/\/wordpress.soalheiro.com\/wp-content\/uploads\/2021\/06\/INNOVATION-IN-WINEMAKING-AGHORA-2-300x200.jpg\" data-srcset=\"https:\/\/wordpress.soalheiro.com\/wp-content\/uploads\/2021\/06\/INNOVATION-IN-WINEMAKING-AGHORA-2-300x200.jpg 300w, https:\/\/wordpress.soalheiro.com\/wp-content\/uploads\/2021\/06\/INNOVATION-IN-WINEMAKING-AGHORA-2-150x100.jpg 150w, https:\/\/wordpress.soalheiro.com\/wp-content\/uploads\/2021\/06\/INNOVATION-IN-WINEMAKING-AGHORA-2.jpg 750w\" \/>\t\t\t\t\t\t\t\t\n\n\t\t\t\t\t\t\t\t\t\t\t\t\t\t\t<\/a>\n\t\t\t\t\t\t\t\t\t\t\t\t<\/div>\n\t\t\t\t\t\t\t\t\t\t\t<div class=\"wd-gallery-item col-lg-2 col-md-3 col-sm-4 col-6\">\n\t\t\t\t\t\t\t\t\t\t\t\t\t\t<a href=\"https:\/\/wordpress.soalheiro.com\/wp-content\/uploads\/2021\/06\/INNOVATION-IN-WINEMAKING-ALVORONE-2.jpg\" data-elementor-open-lightbox=\"no\" data-index=\"3\" data-width=\"750\" data-height=\"500\"  >\n\t\t\t\t\t\t\t\t\n\t\t\t\t\t\t\t\t\t\t\t\t\t\t\t\t\t<img decoding=\"async\" width=\"300\" height=\"200\" src=\"data:image\/jpg;base64,\/9j\/4AAQSkZJRgABAQAAAQABAAD\/2wBDAAYEBAUEBAYFBQUGBgYHCQ4JCQgICRINDQoOFRIWFhUSFBQXGiEcFxgfGRQUHScdHyIjJSUlFhwpLCgkKyEkJST\/2wBDAQYGBgkICREJCREkGBQYJCQkJCQkJCQkJCQkJCQkJCQkJCQkJCQkJCQkJCQkJCQkJCQkJCQkJCQkJCQkJCQkJCT\/wAARCAAKAA8DASIAAhEBAxEB\/8QAFwAAAwEAAAAAAAAAAAAAAAAAAwUGB\/\/EACIQAAICAQUAAgMAAAAAAAAAAAEDAgQRAAUGIVESEyIy0f\/EABUBAQEAAAAAAAAAAAAAAAAAAAMF\/8QAHREAAgEEAwAAAAAAAAAAAAAAAQIDABEhMUFh8P\/aAAwDAQACEQMRAD8AFx7lVo7jVq0LBQycfszY\/QQJ779\/um3LuQb+nYZ3rNlEYBoXFKsfInOcnrzvWS75YdXuWClrFmNMYMJEY\/MeaobNqw\/ailr2sVEV5RhOZMRIr7IHp1MjhVYgqki+8nrilSMHJ9uv\/9k=\" class=\"wd-gallery-image image-3 attachment-medium wd-lazy-load woodmart-lazy-load wd-lazy-fade\" alt=\"\" title=\"INNOVATION IN WINEMAKING - ALVORONE 2\" srcset=\"\" sizes=\"(max-width: 300px) 100vw, 300px\" data-wood-src=\"https:\/\/wordpress.soalheiro.com\/wp-content\/uploads\/2021\/06\/INNOVATION-IN-WINEMAKING-ALVORONE-2-300x200.jpg\" data-srcset=\"https:\/\/wordpress.soalheiro.com\/wp-content\/uploads\/2021\/06\/INNOVATION-IN-WINEMAKING-ALVORONE-2-300x200.jpg 300w, https:\/\/wordpress.soalheiro.com\/wp-content\/uploads\/2021\/06\/INNOVATION-IN-WINEMAKING-ALVORONE-2-150x100.jpg 150w, https:\/\/wordpress.soalheiro.com\/wp-content\/uploads\/2021\/06\/INNOVATION-IN-WINEMAKING-ALVORONE-2.jpg 750w\" \/>\t\t\t\t\t\t\t\t\n\n\t\t\t\t\t\t\t\t\t\t\t\t\t\t\t<\/a>\n\t\t\t\t\t\t\t\t\t\t\t\t<\/div>\n\t\t\t\t\t\t\t\t\t\t\t<div class=\"wd-gallery-item col-lg-2 col-md-3 col-sm-4 col-6\">\n\t\t\t\t\t\t\t\t\t\t\t\t\t\t<a href=\"https:\/\/wordpress.soalheiro.com\/wp-content\/uploads\/2021\/06\/INNOVATION-IN-WINEMAKING-ALVORONE.jpg\" data-elementor-open-lightbox=\"no\" data-index=\"4\" data-width=\"750\" data-height=\"500\"  >\n\t\t\t\t\t\t\t\t\n\t\t\t\t\t\t\t\t\t\t\t\t\t\t\t\t\t<img loading=\"lazy\" decoding=\"async\" width=\"300\" height=\"200\" src=\"data:image\/jpg;base64,\/9j\/4AAQSkZJRgABAQAAAQABAAD\/2wBDAAYEBAUEBAYFBQUGBgYHCQ4JCQgICRINDQoOFRIWFhUSFBQXGiEcFxgfGRQUHScdHyIjJSUlFhwpLCgkKyEkJST\/2wBDAQYGBgkICREJCREkGBQYJCQkJCQkJCQkJCQkJCQkJCQkJCQkJCQkJCQkJCQkJCQkJCQkJCQkJCQkJCQkJCQkJCT\/wAARCAAKAA8DASIAAhEBAxEB\/8QAFQABAQAAAAAAAAAAAAAAAAAABQb\/xAAjEAACAQQBAwUAAAAAAAAAAAABAhEAAwRBIQUGURITMrHw\/8QAFQEBAQAAAAAAAAAAAAAAAAAABAX\/xAAZEQABBQAAAAAAAAAAAAAAAAAAAQIRIUH\/2gAMAwEAAhEDEQA\/AJ3BwVdQogspEandIHAFhm0SIMGI58\/vFB9PZhhqQTIshhzv3Immu6rj27aKjso9KcKYHxU\/dSHJcDcP\/9k=\" class=\"wd-gallery-image image-4 attachment-medium wd-lazy-load woodmart-lazy-load wd-lazy-fade\" alt=\"\" title=\"INNOVATION IN WINEMAKING - ALVORONE\" srcset=\"\" sizes=\"(max-width: 300px) 100vw, 300px\" data-wood-src=\"https:\/\/wordpress.soalheiro.com\/wp-content\/uploads\/2021\/06\/INNOVATION-IN-WINEMAKING-ALVORONE-300x200.jpg\" data-srcset=\"https:\/\/wordpress.soalheiro.com\/wp-content\/uploads\/2021\/06\/INNOVATION-IN-WINEMAKING-ALVORONE-300x200.jpg 300w, https:\/\/wordpress.soalheiro.com\/wp-content\/uploads\/2021\/06\/INNOVATION-IN-WINEMAKING-ALVORONE-150x100.jpg 150w, https:\/\/wordpress.soalheiro.com\/wp-content\/uploads\/2021\/06\/INNOVATION-IN-WINEMAKING-ALVORONE.jpg 750w\" \/>\t\t\t\t\t\t\t\t\n\n\t\t\t\t\t\t\t\t\t\t\t\t\t\t\t<\/a>\n\t\t\t\t\t\t\t\t\t\t\t\t<\/div>\n\t\t\t\t\t\t\t\t\t\t\t<div class=\"wd-gallery-item col-lg-2 col-md-3 col-sm-4 col-6\">\n\t\t\t\t\t\t\t\t\t\t\t\t\t\t<a href=\"https:\/\/wordpress.soalheiro.com\/wp-content\/uploads\/2021\/06\/INNOVATION-IN-WINEMAKING-NATURE.jpg\" data-elementor-open-lightbox=\"no\" data-index=\"5\" data-width=\"750\" data-height=\"500\"  >\n\t\t\t\t\t\t\t\t\n\t\t\t\t\t\t\t\t\t\t\t\t\t\t\t\t\t<img loading=\"lazy\" decoding=\"async\" width=\"300\" height=\"200\" src=\"data:image\/jpg;base64,\/9j\/4AAQSkZJRgABAQAAAQABAAD\/2wBDAAYEBAUEBAYFBQUGBgYHCQ4JCQgICRINDQoOFRIWFhUSFBQXGiEcFxgfGRQUHScdHyIjJSUlFhwpLCgkKyEkJST\/2wBDAQYGBgkICREJCREkGBQYJCQkJCQkJCQkJCQkJCQkJCQkJCQkJCQkJCQkJCQkJCQkJCQkJCQkJCQkJCQkJCQkJCT\/wAARCAAKAA8DASIAAhEBAxEB\/8QAFgABAQEAAAAAAAAAAAAAAAAABAMF\/8QAJBAAAgEEAAUFAAAAAAAAAAAAAQIDAAQFIRESEyJBFSNRwfD\/xAAUAQEAAAAAAAAAAAAAAAAAAAAF\/8QAGBEAAwEBAAAAAAAAAAAAAAAAAAEhAgP\/2gAMAwEAAhEDEQA\/ADPirj082uPCT3rpwWLnACP8b0PFBy14kUbkDqoW2pIBX991dZZFxEs6uwmIT3Ae7ZbjusnJjnsIy3cTO+zvwKI5ujO1D\/\/Z\" class=\"wd-gallery-image image-5 attachment-medium wd-lazy-load woodmart-lazy-load wd-lazy-fade\" alt=\"\" title=\"INNOVATION IN WINEMAKING - NATURE\" srcset=\"\" sizes=\"(max-width: 300px) 100vw, 300px\" data-wood-src=\"https:\/\/wordpress.soalheiro.com\/wp-content\/uploads\/2021\/06\/INNOVATION-IN-WINEMAKING-NATURE-300x200.jpg\" data-srcset=\"https:\/\/wordpress.soalheiro.com\/wp-content\/uploads\/2021\/06\/INNOVATION-IN-WINEMAKING-NATURE-300x200.jpg 300w, https:\/\/wordpress.soalheiro.com\/wp-content\/uploads\/2021\/06\/INNOVATION-IN-WINEMAKING-NATURE-150x100.jpg 150w, https:\/\/wordpress.soalheiro.com\/wp-content\/uploads\/2021\/06\/INNOVATION-IN-WINEMAKING-NATURE.jpg 750w\" \/>\t\t\t\t\t\t\t\t\n\n\t\t\t\t\t\t\t\t\t\t\t\t\t\t\t<\/a>\n\t\t\t\t\t\t\t\t\t\t\t\t<\/div>\n\t\t\t\t\t\t\t\t\t\t\t<div class=\"wd-gallery-item col-lg-2 col-md-3 col-sm-4 col-6\">\n\t\t\t\t\t\t\t\t\t\t\t\t\t\t<a href=\"https:\/\/wordpress.soalheiro.com\/wp-content\/uploads\/2021\/06\/INNOVATION-IN-WINEMAKING-Pe-FRANCO.jpg\" data-elementor-open-lightbox=\"no\" data-index=\"6\" data-width=\"750\" data-height=\"500\"  >\n\t\t\t\t\t\t\t\t\n\t\t\t\t\t\t\t\t\t\t\t\t\t\t\t\t\t<img loading=\"lazy\" decoding=\"async\" width=\"300\" height=\"200\" src=\"data:image\/jpg;base64,\/9j\/4AAQSkZJRgABAQAAAQABAAD\/2wBDAAYEBAUEBAYFBQUGBgYHCQ4JCQgICRINDQoOFRIWFhUSFBQXGiEcFxgfGRQUHScdHyIjJSUlFhwpLCgkKyEkJST\/2wBDAQYGBgkICREJCREkGBQYJCQkJCQkJCQkJCQkJCQkJCQkJCQkJCQkJCQkJCQkJCQkJCQkJCQkJCQkJCQkJCQkJCT\/wAARCAAKAA8DASIAAhEBAxEB\/8QAFQABAQAAAAAAAAAAAAAAAAAABQb\/xAAlEAACAQMDAgcAAAAAAAAAAAABAgQDBSEABhESEwciI0JxgZH\/xAAVAQEBAAAAAAAAAAAAAAAAAAAEBf\/EABkRAAIDAQAAAAAAAAAAAAAAAAABAhESA\/\/aAAwDAQACEQMRAD8ASudba96WjDj26DDjxqYaT2o6qe8cKvUBhQeT+aWo7ig2uxU4jujKCO065+QePrUD4dMal+voclgajcg592m96enSoBPKOpsDGpS6Sc6Y7CzZ\/9k=\" class=\"wd-gallery-image image-6 attachment-medium wd-lazy-load woodmart-lazy-load wd-lazy-fade\" alt=\"\" title=\"INNOVATION IN WINEMAKING -Pe FRANCO\" srcset=\"\" sizes=\"(max-width: 300px) 100vw, 300px\" data-wood-src=\"https:\/\/wordpress.soalheiro.com\/wp-content\/uploads\/2021\/06\/INNOVATION-IN-WINEMAKING-Pe-FRANCO-300x200.jpg\" data-srcset=\"https:\/\/wordpress.soalheiro.com\/wp-content\/uploads\/2021\/06\/INNOVATION-IN-WINEMAKING-Pe-FRANCO-300x200.jpg 300w, https:\/\/wordpress.soalheiro.com\/wp-content\/uploads\/2021\/06\/INNOVATION-IN-WINEMAKING-Pe-FRANCO-150x100.jpg 150w, https:\/\/wordpress.soalheiro.com\/wp-content\/uploads\/2021\/06\/INNOVATION-IN-WINEMAKING-Pe-FRANCO.jpg 750w\" \/>\t\t\t\t\t\t\t\t\n\n\t\t\t\t\t\t\t\t\t\t\t\t\t\t\t<\/a>\n\t\t\t\t\t\t\t\t\t\t\t\t<\/div>\n\t\t\t\t\t\t\t\t\t\t\t\t<\/div>\n\t\t<\/div>\n\t\t\t\t[\/vc_column][\/vc_row]<\/p>\n","protected":false},"excerpt":{"rendered":"<p>[vc_row full_width=&#8221;stretch_row_content_no_spaces&#8221; mobile_bg_img_hidden=&#8221;no&#8221; tablet_bg_img_hidden=&#8221;no&#8221; woodmart_parallax=&#8221;1&#8243; woodmart_gradient_switch=&#8221;no&#8221; row_reverse_mobile=&#8221;0&#8243; row_reverse_tablet=&#8221;0&#8243; woodmart_disable_overflow=&#8221;0&#8243; css=&#8221;.vc_custom_1624283361283{padding-top: 300px !important;padding-bottom: 50px !important;background-image: url(https:\/\/soalheiro.com\/wp-content\/uploads\/2021\/06\/INNOVATION-IN-WINEMAKING-HEADER-min.jpg?id=10884) !important;background-position: center !important;background-repeat: no-repeat !important;background-size:<\/p>\n","protected":false},"author":985,"featured_media":0,"parent":11498,"menu_order":0,"comment_status":"closed","ping_status":"closed","template":"","meta":{"footnotes":""},"class_list":["post-11560","page","type-page","status-publish","hentry"],"yoast_head":"<!-- This site is optimized with the Yoast SEO plugin v27.3 - https:\/\/yoast.com\/product\/yoast-seo-wordpress\/ -->\n<title>Mentes brilhantes exploram o Alvarinho (Inova\u00e7\u00e3o na produ\u00e7\u00e3o de vinho) - Soalheiro<\/title>\n<meta name=\"robots\" content=\"index, follow, max-snippet:-1, max-image-preview:large, max-video-preview:-1\" \/>\n<link rel=\"canonical\" href=\"https:\/\/soalheiro.com\/pt-pt\/sustentabilidade-e-inovacao\/mentes-brilhantes-exploram-o-alvarinho\/\" \/>\n<meta property=\"og:locale\" content=\"pt_PT\" \/>\n<meta property=\"og:type\" content=\"article\" \/>\n<meta property=\"og:title\" content=\"Mentes brilhantes exploram o Alvarinho (Inova\u00e7\u00e3o na produ\u00e7\u00e3o de vinho) - Soalheiro\" \/>\n<meta property=\"og:description\" content=\"[vc_row full_width=&#8221;stretch_row_content_no_spaces&#8221; mobile_bg_img_hidden=&#8221;no&#8221; tablet_bg_img_hidden=&#8221;no&#8221; woodmart_parallax=&#8221;1&#8243; woodmart_gradient_switch=&#8221;no&#8221; row_reverse_mobile=&#8221;0&#8243; row_reverse_tablet=&#8221;0&#8243; woodmart_disable_overflow=&#8221;0&#8243; css=&#8221;.vc_custom_1624283361283{padding-top: 300px !important;padding-bottom: 50px !important;background-image: url(https:\/\/soalheiro.com\/wp-content\/uploads\/2021\/06\/INNOVATION-IN-WINEMAKING-HEADER-min.jpg?id=10884) !important;background-position: center !important;background-repeat: no-repeat !important;background-size:\" \/>\n<meta property=\"og:url\" content=\"https:\/\/soalheiro.com\/pt-pt\/sustentabilidade-e-inovacao\/mentes-brilhantes-exploram-o-alvarinho\/\" \/>\n<meta property=\"og:site_name\" content=\"Soalheiro\" \/>\n<meta property=\"article:modified_time\" content=\"2022-12-20T16:17:14+00:00\" \/>\n<meta name=\"twitter:card\" content=\"summary_large_image\" \/>\n<meta name=\"twitter:label1\" content=\"Tempo estimado de leitura\" \/>\n\t<meta name=\"twitter:data1\" content=\"2 minutos\" \/>\n<script type=\"application\/ld+json\" class=\"yoast-schema-graph\">{\"@context\":\"https:\\\/\\\/schema.org\",\"@graph\":[{\"@type\":\"WebPage\",\"@id\":\"https:\\\/\\\/soalheiro.com\\\/pt-pt\\\/sustentabilidade-e-inovacao\\\/mentes-brilhantes-exploram-o-alvarinho\\\/\",\"url\":\"https:\\\/\\\/soalheiro.com\\\/pt-pt\\\/sustentabilidade-e-inovacao\\\/mentes-brilhantes-exploram-o-alvarinho\\\/\",\"name\":\"Mentes brilhantes exploram o Alvarinho (Inova\u00e7\u00e3o na produ\u00e7\u00e3o de vinho) - Soalheiro\",\"isPartOf\":{\"@id\":\"https:\\\/\\\/soalheiro.com\\\/#website\"},\"datePublished\":\"2021-04-07T10:34:18+00:00\",\"dateModified\":\"2022-12-20T16:17:14+00:00\",\"breadcrumb\":{\"@id\":\"https:\\\/\\\/soalheiro.com\\\/pt-pt\\\/sustentabilidade-e-inovacao\\\/mentes-brilhantes-exploram-o-alvarinho\\\/#breadcrumb\"},\"inLanguage\":\"pt-PT\",\"potentialAction\":[{\"@type\":\"ReadAction\",\"target\":[\"https:\\\/\\\/soalheiro.com\\\/pt-pt\\\/sustentabilidade-e-inovacao\\\/mentes-brilhantes-exploram-o-alvarinho\\\/\"]}]},{\"@type\":\"BreadcrumbList\",\"@id\":\"https:\\\/\\\/soalheiro.com\\\/pt-pt\\\/sustentabilidade-e-inovacao\\\/mentes-brilhantes-exploram-o-alvarinho\\\/#breadcrumb\",\"itemListElement\":[{\"@type\":\"ListItem\",\"position\":1,\"name\":\"Home\",\"item\":\"https:\\\/\\\/soalheiro.com\\\/pt-pt\\\/\"},{\"@type\":\"ListItem\",\"position\":2,\"name\":\"Sustentabilidade e Inova\u00e7\u00e3o\",\"item\":\"https:\\\/\\\/soalheiro.com\\\/pt-pt\\\/sustentabilidade-e-inovacao\\\/\"},{\"@type\":\"ListItem\",\"position\":3,\"name\":\"Mentes brilhantes exploram o Alvarinho (Inova\u00e7\u00e3o na produ\u00e7\u00e3o de vinho)\"}]},{\"@type\":\"WebSite\",\"@id\":\"https:\\\/\\\/soalheiro.com\\\/#website\",\"url\":\"https:\\\/\\\/soalheiro.com\\\/\",\"name\":\"Soalheiro\",\"description\":\"Quinta de Soalheiro, located in Melga\u00e7o (the most northern point of Portugal), is protected by a range of mountains that create conditions of rainfall, temperature and sunshine hours necessary for the best ripening of the Alvarinho grapes.\",\"potentialAction\":[{\"@type\":\"SearchAction\",\"target\":{\"@type\":\"EntryPoint\",\"urlTemplate\":\"https:\\\/\\\/soalheiro.com\\\/?s={search_term_string}\"},\"query-input\":{\"@type\":\"PropertyValueSpecification\",\"valueRequired\":true,\"valueName\":\"search_term_string\"}}],\"inLanguage\":\"pt-PT\"}]}<\/script>\n<!-- \/ Yoast SEO plugin. -->","yoast_head_json":{"title":"Mentes brilhantes exploram o Alvarinho (Inova\u00e7\u00e3o na produ\u00e7\u00e3o de vinho) - Soalheiro","robots":{"index":"index","follow":"follow","max-snippet":"max-snippet:-1","max-image-preview":"max-image-preview:large","max-video-preview":"max-video-preview:-1"},"canonical":"https:\/\/soalheiro.com\/pt-pt\/sustentabilidade-e-inovacao\/mentes-brilhantes-exploram-o-alvarinho\/","og_locale":"pt_PT","og_type":"article","og_title":"Mentes brilhantes exploram o Alvarinho (Inova\u00e7\u00e3o na produ\u00e7\u00e3o de vinho) - Soalheiro","og_description":"[vc_row full_width=&#8221;stretch_row_content_no_spaces&#8221; mobile_bg_img_hidden=&#8221;no&#8221; tablet_bg_img_hidden=&#8221;no&#8221; woodmart_parallax=&#8221;1&#8243; woodmart_gradient_switch=&#8221;no&#8221; row_reverse_mobile=&#8221;0&#8243; row_reverse_tablet=&#8221;0&#8243; woodmart_disable_overflow=&#8221;0&#8243; css=&#8221;.vc_custom_1624283361283{padding-top: 300px !important;padding-bottom: 50px !important;background-image: url(https:\/\/soalheiro.com\/wp-content\/uploads\/2021\/06\/INNOVATION-IN-WINEMAKING-HEADER-min.jpg?id=10884) !important;background-position: center !important;background-repeat: no-repeat !important;background-size:","og_url":"https:\/\/soalheiro.com\/pt-pt\/sustentabilidade-e-inovacao\/mentes-brilhantes-exploram-o-alvarinho\/","og_site_name":"Soalheiro","article_modified_time":"2022-12-20T16:17:14+00:00","twitter_card":"summary_large_image","twitter_misc":{"Tempo estimado de leitura":"2 minutos"},"schema":{"@context":"https:\/\/schema.org","@graph":[{"@type":"WebPage","@id":"https:\/\/soalheiro.com\/pt-pt\/sustentabilidade-e-inovacao\/mentes-brilhantes-exploram-o-alvarinho\/","url":"https:\/\/soalheiro.com\/pt-pt\/sustentabilidade-e-inovacao\/mentes-brilhantes-exploram-o-alvarinho\/","name":"Mentes brilhantes exploram o Alvarinho (Inova\u00e7\u00e3o na produ\u00e7\u00e3o de vinho) - Soalheiro","isPartOf":{"@id":"https:\/\/soalheiro.com\/#website"},"datePublished":"2021-04-07T10:34:18+00:00","dateModified":"2022-12-20T16:17:14+00:00","breadcrumb":{"@id":"https:\/\/soalheiro.com\/pt-pt\/sustentabilidade-e-inovacao\/mentes-brilhantes-exploram-o-alvarinho\/#breadcrumb"},"inLanguage":"pt-PT","potentialAction":[{"@type":"ReadAction","target":["https:\/\/soalheiro.com\/pt-pt\/sustentabilidade-e-inovacao\/mentes-brilhantes-exploram-o-alvarinho\/"]}]},{"@type":"BreadcrumbList","@id":"https:\/\/soalheiro.com\/pt-pt\/sustentabilidade-e-inovacao\/mentes-brilhantes-exploram-o-alvarinho\/#breadcrumb","itemListElement":[{"@type":"ListItem","position":1,"name":"Home","item":"https:\/\/soalheiro.com\/pt-pt\/"},{"@type":"ListItem","position":2,"name":"Sustentabilidade e Inova\u00e7\u00e3o","item":"https:\/\/soalheiro.com\/pt-pt\/sustentabilidade-e-inovacao\/"},{"@type":"ListItem","position":3,"name":"Mentes brilhantes exploram o Alvarinho (Inova\u00e7\u00e3o na produ\u00e7\u00e3o de vinho)"}]},{"@type":"WebSite","@id":"https:\/\/soalheiro.com\/#website","url":"https:\/\/soalheiro.com\/","name":"Soalheiro","description":"Quinta de Soalheiro, located in Melga\u00e7o (the most northern point of Portugal), is protected by a range of mountains that create conditions of rainfall, temperature and sunshine hours necessary for the best ripening of the Alvarinho grapes.","potentialAction":[{"@type":"SearchAction","target":{"@type":"EntryPoint","urlTemplate":"https:\/\/soalheiro.com\/?s={search_term_string}"},"query-input":{"@type":"PropertyValueSpecification","valueRequired":true,"valueName":"search_term_string"}}],"inLanguage":"pt-PT"}]}},"_links":{"self":[{"href":"https:\/\/wordpress.soalheiro.com\/pt-pt\/wp-json\/wp\/v2\/pages\/11560","targetHints":{"allow":["GET"]}}],"collection":[{"href":"https:\/\/wordpress.soalheiro.com\/pt-pt\/wp-json\/wp\/v2\/pages"}],"about":[{"href":"https:\/\/wordpress.soalheiro.com\/pt-pt\/wp-json\/wp\/v2\/types\/page"}],"author":[{"embeddable":true,"href":"https:\/\/wordpress.soalheiro.com\/pt-pt\/wp-json\/wp\/v2\/users\/985"}],"replies":[{"embeddable":true,"href":"https:\/\/wordpress.soalheiro.com\/pt-pt\/wp-json\/wp\/v2\/comments?post=11560"}],"version-history":[{"count":4,"href":"https:\/\/wordpress.soalheiro.com\/pt-pt\/wp-json\/wp\/v2\/pages\/11560\/revisions"}],"predecessor-version":[{"id":16853,"href":"https:\/\/wordpress.soalheiro.com\/pt-pt\/wp-json\/wp\/v2\/pages\/11560\/revisions\/16853"}],"up":[{"embeddable":true,"href":"https:\/\/wordpress.soalheiro.com\/pt-pt\/wp-json\/wp\/v2\/pages\/11498"}],"wp:attachment":[{"href":"https:\/\/wordpress.soalheiro.com\/pt-pt\/wp-json\/wp\/v2\/media?parent=11560"}],"curies":[{"name":"wp","href":"https:\/\/api.w.org\/{rel}","templated":true}]}}